{"id":1450,"date":"2025-03-29T11:18:26","date_gmt":"2025-03-29T10:18:26","guid":{"rendered":""},"modified":"2026-04-28T06:29:59","modified_gmt":"2026-04-28T04:29:59","slug":"single-bed-rooms","status":"publish","type":"product","link":"https:\/\/www.hotellev.sk\/en\/product\/single-bed-rooms\/","title":{"rendered":"Single room"},"content":{"rendered":"<p>Updated description for 489<\/p>","protected":false},"excerpt":{"rendered":"<p>Updated description for 489<\/p>","protected":false},"featured_media":1817,"template":"","meta":[],"product_brand":[],"product_cat":[15],"product_tag":[],"class_list":{"0":"post-1450","1":"product","2":"type-product","3":"status-publish","4":"has-post-thumbnail","6":"product_cat-uncategorized","9":"instock","10":"shipping-taxable","11":"purchasable","12":"product-type-simple","13":"product-grid-view"},"yoast_head":"<!-- This site is optimized with the Yoast SEO plugin v25.3.1 - https:\/\/yoast.com\/wordpress\/plugins\/seo\/ -->\n<title>Jednol\u00f4\u017ekov\u00e1 izba - Hotel Lev<\/title>\n<meta name=\"robots\" content=\"index, follow, max-snippet:-1, max-image-preview:large, max-video-preview:-1\" \/>\n<link rel=\"canonical\" href=\"https:\/\/www.hotellev.sk\/en\/product\/single-bed-rooms\/\" \/>\n<meta property=\"og:locale\" content=\"en_US\" \/>\n<meta property=\"og:type\" content=\"article\" \/>\n<meta property=\"og:title\" content=\"Jednol\u00f4\u017ekov\u00e1 izba - Hotel Lev\" \/>\n<meta property=\"og:description\" content=\"Updated description for 489\" \/>\n<meta property=\"og:url\" content=\"https:\/\/www.hotellev.sk\/en\/product\/single-bed-rooms\/\" \/>\n<meta property=\"og:site_name\" content=\"Hotel Lev\" \/>\n<meta property=\"article:publisher\" content=\"https:\/\/www.facebook.com\/profile.php?id=100064862790981\" \/>\n<meta property=\"article:modified_time\" content=\"2026-04-28T04:29:59+00:00\" \/>\n<meta property=\"og:image\" content=\"https:\/\/www.hotellev.sk\/wp-content\/uploads\/2024\/12\/42799148.jpg\" \/>\n\t<meta property=\"og:image:width\" content=\"1024\" \/>\n\t<meta property=\"og:image:height\" content=\"768\" \/>\n\t<meta property=\"og:image:type\" content=\"image\/jpeg\" \/>\n<meta name=\"twitter:card\" content=\"summary_large_image\" \/>\n<script type=\"application\/ld+json\" class=\"yoast-schema-graph\">{\"@context\":\"https:\/\/schema.org\",\"@graph\":[{\"@type\":\"WebPage\",\"@id\":\"https:\/\/www.hotellev.sk\/product\/single-bed-rooms\/\",\"url\":\"https:\/\/www.hotellev.sk\/product\/single-bed-rooms\/\",\"name\":\"Jednol\u00f4\u017ekov\u00e1 izba - Hotel Lev\",\"isPartOf\":{\"@id\":\"https:\/\/www.hotellev.sk\/#website\"},\"primaryImageOfPage\":{\"@id\":\"https:\/\/www.hotellev.sk\/product\/single-bed-rooms\/#primaryimage\"},\"image\":{\"@id\":\"https:\/\/www.hotellev.sk\/product\/single-bed-rooms\/#primaryimage\"},\"thumbnailUrl\":\"https:\/\/www.hotellev.sk\/wp-content\/uploads\/2024\/12\/42799148.jpg\",\"datePublished\":\"2025-03-29T10:18:26+00:00\",\"dateModified\":\"2026-04-28T04:29:59+00:00\",\"breadcrumb\":{\"@id\":\"https:\/\/www.hotellev.sk\/product\/single-bed-rooms\/#breadcrumb\"},\"inLanguage\":\"en-US\",\"potentialAction\":[{\"@type\":\"ReadAction\",\"target\":[\"https:\/\/www.hotellev.sk\/product\/single-bed-rooms\/\"]}]},{\"@type\":\"ImageObject\",\"inLanguage\":\"en-US\",\"@id\":\"https:\/\/www.hotellev.sk\/product\/single-bed-rooms\/#primaryimage\",\"url\":\"https:\/\/www.hotellev.sk\/wp-content\/uploads\/2024\/12\/42799148.jpg\",\"contentUrl\":\"https:\/\/www.hotellev.sk\/wp-content\/uploads\/2024\/12\/42799148.jpg\",\"width\":1024,\"height\":768,\"caption\":\"ubytovanie v leviciach\"},{\"@type\":\"BreadcrumbList\",\"@id\":\"https:\/\/www.hotellev.sk\/product\/single-bed-rooms\/#breadcrumb\",\"itemListElement\":[{\"@type\":\"ListItem\",\"position\":1,\"name\":\"Domovsk\u00e1 str\u00e1nka\",\"item\":\"https:\/\/www.hotellev.sk\/\"},{\"@type\":\"ListItem\",\"position\":2,\"name\":\"Shop\",\"item\":\"https:\/\/www.hotellev.sk\/shop\/\"},{\"@type\":\"ListItem\",\"position\":3,\"name\":\"Jednol\u00f4\u017ekov\u00e1 izba\"}]},{\"@type\":\"WebSite\",\"@id\":\"https:\/\/www.hotellev.sk\/#website\",\"url\":\"https:\/\/www.hotellev.sk\/\",\"name\":\"Hotel Lev\",\"description\":\"Ubytovanie, svadby, stu\u017ekov\u00e9 a oslavy v srdci Lev\u00edc\",\"publisher\":{\"@id\":\"https:\/\/www.hotellev.sk\/#organization\"},\"potentialAction\":[{\"@type\":\"SearchAction\",\"target\":{\"@type\":\"EntryPoint\",\"urlTemplate\":\"https:\/\/www.hotellev.sk\/?s={search_term_string}\"},\"query-input\":{\"@type\":\"PropertyValueSpecification\",\"valueRequired\":true,\"valueName\":\"search_term_string\"}}],\"inLanguage\":\"en-US\"},{\"@type\":\"Organization\",\"@id\":\"https:\/\/www.hotellev.sk\/#organization\",\"name\":\"Ubytovanie, svadby, stu\u017ekov\u00e9 a oslavy v srdci Lev\u00edc\",\"url\":\"https:\/\/www.hotellev.sk\/\",\"logo\":{\"@type\":\"ImageObject\",\"inLanguage\":\"en-US\",\"@id\":\"https:\/\/www.hotellev.sk\/#\/schema\/logo\/image\/\",\"url\":\"https:\/\/www.hotellev.sk\/wp-content\/uploads\/2025\/05\/cropped-hotel_lev-logo-3-removebg-preview.png\",\"contentUrl\":\"https:\/\/www.hotellev.sk\/wp-content\/uploads\/2025\/05\/cropped-hotel_lev-logo-3-removebg-preview.png\",\"width\":292,\"height\":312,\"caption\":\"Ubytovanie, svadby, stu\u017ekov\u00e9 a oslavy v srdci Lev\u00edc\"},\"image\":{\"@id\":\"https:\/\/www.hotellev.sk\/#\/schema\/logo\/image\/\"},\"sameAs\":[\"https:\/\/www.facebook.com\/profile.php?id=100064862790981\",\"https:\/\/www.instagram.com\/hotellev_levice\/\"]}]}<\/script>\n<!-- \/ Yoast SEO plugin. -->","yoast_head_json":{"title":"Jednol\u00f4\u017ekov\u00e1 izba - Hotel Lev","robots":{"index":"index","follow":"follow","max-snippet":"max-snippet:-1","max-image-preview":"max-image-preview:large","max-video-preview":"max-video-preview:-1"},"canonical":"https:\/\/www.hotellev.sk\/en\/product\/single-bed-rooms\/","og_locale":"en_US","og_type":"article","og_title":"Jednol\u00f4\u017ekov\u00e1 izba - Hotel Lev","og_description":"Updated description for 489","og_url":"https:\/\/www.hotellev.sk\/en\/product\/single-bed-rooms\/","og_site_name":"Hotel Lev","article_publisher":"https:\/\/www.facebook.com\/profile.php?id=100064862790981","article_modified_time":"2026-04-28T04:29:59+00:00","og_image":[{"width":1024,"height":768,"url":"https:\/\/www.hotellev.sk\/wp-content\/uploads\/2024\/12\/42799148.jpg","type":"image\/jpeg"}],"twitter_card":"summary_large_image","schema":{"@context":"https:\/\/schema.org","@graph":[{"@type":"WebPage","@id":"https:\/\/www.hotellev.sk\/product\/single-bed-rooms\/","url":"https:\/\/www.hotellev.sk\/product\/single-bed-rooms\/","name":"Jednol\u00f4\u017ekov\u00e1 izba - Hotel Lev","isPartOf":{"@id":"https:\/\/www.hotellev.sk\/#website"},"primaryImageOfPage":{"@id":"https:\/\/www.hotellev.sk\/product\/single-bed-rooms\/#primaryimage"},"image":{"@id":"https:\/\/www.hotellev.sk\/product\/single-bed-rooms\/#primaryimage"},"thumbnailUrl":"https:\/\/www.hotellev.sk\/wp-content\/uploads\/2024\/12\/42799148.jpg","datePublished":"2025-03-29T10:18:26+00:00","dateModified":"2026-04-28T04:29:59+00:00","breadcrumb":{"@id":"https:\/\/www.hotellev.sk\/product\/single-bed-rooms\/#breadcrumb"},"inLanguage":"en-US","potentialAction":[{"@type":"ReadAction","target":["https:\/\/www.hotellev.sk\/product\/single-bed-rooms\/"]}]},{"@type":"ImageObject","inLanguage":"en-US","@id":"https:\/\/www.hotellev.sk\/product\/single-bed-rooms\/#primaryimage","url":"https:\/\/www.hotellev.sk\/wp-content\/uploads\/2024\/12\/42799148.jpg","contentUrl":"https:\/\/www.hotellev.sk\/wp-content\/uploads\/2024\/12\/42799148.jpg","width":1024,"height":768,"caption":"ubytovanie v leviciach"},{"@type":"BreadcrumbList","@id":"https:\/\/www.hotellev.sk\/product\/single-bed-rooms\/#breadcrumb","itemListElement":[{"@type":"ListItem","position":1,"name":"Domovsk\u00e1 str\u00e1nka","item":"https:\/\/www.hotellev.sk\/"},{"@type":"ListItem","position":2,"name":"Shop","item":"https:\/\/www.hotellev.sk\/shop\/"},{"@type":"ListItem","position":3,"name":"Jednol\u00f4\u017ekov\u00e1 izba"}]},{"@type":"WebSite","@id":"https:\/\/www.hotellev.sk\/#website","url":"https:\/\/www.hotellev.sk\/","name":"Hotel Lev","description":"Ubytovanie, svadby, stu\u017ekov\u00e9 a oslavy v srdci Lev\u00edc","publisher":{"@id":"https:\/\/www.hotellev.sk\/#organization"},"potentialAction":[{"@type":"SearchAction","target":{"@type":"EntryPoint","urlTemplate":"https:\/\/www.hotellev.sk\/?s={search_term_string}"},"query-input":{"@type":"PropertyValueSpecification","valueRequired":true,"valueName":"search_term_string"}}],"inLanguage":"en-US"},{"@type":"Organization","@id":"https:\/\/www.hotellev.sk\/#organization","name":"Ubytovanie, svadby, stu\u017ekov\u00e9 a oslavy v srdci Lev\u00edc","url":"https:\/\/www.hotellev.sk\/","logo":{"@type":"ImageObject","inLanguage":"en-US","@id":"https:\/\/www.hotellev.sk\/#\/schema\/logo\/image\/","url":"https:\/\/www.hotellev.sk\/wp-content\/uploads\/2025\/05\/cropped-hotel_lev-logo-3-removebg-preview.png","contentUrl":"https:\/\/www.hotellev.sk\/wp-content\/uploads\/2025\/05\/cropped-hotel_lev-logo-3-removebg-preview.png","width":292,"height":312,"caption":"Ubytovanie, svadby, stu\u017ekov\u00e9 a oslavy v srdci Lev\u00edc"},"image":{"@id":"https:\/\/www.hotellev.sk\/#\/schema\/logo\/image\/"},"sameAs":["https:\/\/www.facebook.com\/profile.php?id=100064862790981","https:\/\/www.instagram.com\/hotellev_levice\/"]}]}},"_links":{"self":[{"href":"https:\/\/www.hotellev.sk\/en\/wp-json\/wp\/v2\/product\/1450","targetHints":{"allow":["GET"]}}],"collection":[{"href":"https:\/\/www.hotellev.sk\/en\/wp-json\/wp\/v2\/product"}],"about":[{"href":"https:\/\/www.hotellev.sk\/en\/wp-json\/wp\/v2\/types\/product"}],"wp:featuredmedia":[{"embeddable":true,"href":"https:\/\/www.hotellev.sk\/en\/wp-json\/wp\/v2\/media\/1817"}],"wp:attachment":[{"href":"https:\/\/www.hotellev.sk\/en\/wp-json\/wp\/v2\/media?parent=1450"}],"wp:term":[{"taxonomy":"product_brand","embeddable":true,"href":"https:\/\/www.hotellev.sk\/en\/wp-json\/wp\/v2\/product_brand?post=1450"},{"taxonomy":"product_cat","embeddable":true,"href":"https:\/\/www.hotellev.sk\/en\/wp-json\/wp\/v2\/product_cat?post=1450"},{"taxonomy":"product_tag","embeddable":true,"href":"https:\/\/www.hotellev.sk\/en\/wp-json\/wp\/v2\/product_tag?post=1450"}],"curies":[{"name":"wp","href":"https:\/\/api.w.org\/{rel}","templated":true}]}}