{"id":4665,"date":"2025-05-23T13:43:14","date_gmt":"2025-05-23T11:43:14","guid":{"rendered":"https:\/\/www.hotellev.sk\/?page_id=4665"},"modified":"2025-05-23T15:38:35","modified_gmt":"2025-05-23T13:38:35","slug":"ponuka-nasich-izieb","status":"publish","type":"page","link":"https:\/\/www.hotellev.sk\/en\/ponuka-nasich-izieb\/","title":{"rendered":"Our rooms offer"},"content":{"rendered":"<div data-elementor-type=\"wp-page\" data-elementor-id=\"4665\" class=\"elementor elementor-4665\" data-elementor-post-type=\"page\">\n\t\t\t\t\t\t<section class=\"elementor-section elementor-top-section elementor-element elementor-element-d833903 wdt-no-full-section elementor-section-boxed elementor-section-height-default elementor-section-height-default\" data-id=\"d833903\" data-element_type=\"section\" data-settings=\"{&quot;background_background&quot;:&quot;classic&quot;,&quot;wdt_bg_image&quot;:{&quot;url&quot;:&quot;&quot;,&quot;id&quot;:&quot;&quot;,&quot;size&quot;:&quot;&quot;},&quot;wdt_bg_image_laptop&quot;:{&quot;url&quot;:&quot;&quot;,&quot;id&quot;:&quot;&quot;,&quot;size&quot;:&quot;&quot;},&quot;wdt_bg_image_tablet_extra&quot;:{&quot;url&quot;:&quot;&quot;,&quot;id&quot;:&quot;&quot;,&quot;size&quot;:&quot;&quot;},&quot;wdt_bg_image_tablet&quot;:{&quot;url&quot;:&quot;&quot;,&quot;id&quot;:&quot;&quot;,&quot;size&quot;:&quot;&quot;},&quot;wdt_bg_image_mobile_extra&quot;:{&quot;url&quot;:&quot;&quot;,&quot;id&quot;:&quot;&quot;,&quot;size&quot;:&quot;&quot;},&quot;wdt_bg_image_mobile&quot;:{&quot;url&quot;:&quot;&quot;,&quot;id&quot;:&quot;&quot;,&quot;size&quot;:&quot;&quot;},&quot;wdt_bg_position&quot;:&quot;center center&quot;,&quot;wdt_animation_effect&quot;:&quot;none&quot;}\">\n\t\t\t\t\t\t<div class=\"elementor-container elementor-column-gap-no\">\n\t\t\t\t\t<div class=\"elementor-column elementor-col-100 elementor-top-column elementor-element elementor-element-e6058bc\" data-id=\"e6058bc\" data-element_type=\"column\">\n\t\t\t<div class=\"elementor-widget-wrap elementor-element-populated\">\n\t\t\t\t\t\t<section class=\"elementor-section elementor-inner-section elementor-element elementor-element-4ba48e2 elementor-section-full_width wdt-section-space-between elementor-section-height-default elementor-section-height-default\" data-id=\"4ba48e2\" data-element_type=\"section\" data-settings=\"{&quot;wdt_bg_image&quot;:{&quot;url&quot;:&quot;&quot;,&quot;id&quot;:&quot;&quot;,&quot;size&quot;:&quot;&quot;},&quot;wdt_bg_image_laptop&quot;:{&quot;url&quot;:&quot;&quot;,&quot;id&quot;:&quot;&quot;,&quot;size&quot;:&quot;&quot;},&quot;wdt_bg_image_tablet_extra&quot;:{&quot;url&quot;:&quot;&quot;,&quot;id&quot;:&quot;&quot;,&quot;size&quot;:&quot;&quot;},&quot;wdt_bg_image_tablet&quot;:{&quot;url&quot;:&quot;&quot;,&quot;id&quot;:&quot;&quot;,&quot;size&quot;:&quot;&quot;},&quot;wdt_bg_image_mobile_extra&quot;:{&quot;url&quot;:&quot;&quot;,&quot;id&quot;:&quot;&quot;,&quot;size&quot;:&quot;&quot;},&quot;wdt_bg_image_mobile&quot;:{&quot;url&quot;:&quot;&quot;,&quot;id&quot;:&quot;&quot;,&quot;size&quot;:&quot;&quot;},&quot;wdt_bg_position&quot;:&quot;center center&quot;,&quot;wdt_animation_effect&quot;:&quot;none&quot;}\">\n\t\t\t\t\t\t<div class=\"elementor-container elementor-column-gap-no\">\n\t\t\t\t\t<div class=\"elementor-column elementor-col-33 elementor-inner-column elementor-element elementor-element-a7ec82d elementor-hidden-mobile_extra elementor-hidden-mobile\" data-id=\"a7ec82d\" data-element_type=\"column\">\n\t\t\t<div class=\"elementor-widget-wrap\">\n\t\t\t\t\t\t\t<\/div>\n\t\t<\/div>\n\t\t\t\t<div class=\"elementor-column elementor-col-33 elementor-inner-column elementor-element elementor-element-8720d6d\" data-id=\"8720d6d\" data-element_type=\"column\">\n\t\t\t<div class=\"elementor-widget-wrap elementor-element-populated\">\n\t\t\t\t\t\t<div class=\"elementor-element elementor-element-696aa49 elementor-invisible elementor-widget elementor-widget-wdt-heading\" data-id=\"696aa49\" data-element_type=\"widget\" data-settings=\"{&quot;_animation&quot;:&quot;fadeInLeft&quot;,&quot;title_vertical_align&quot;:&quot;center&quot;,&quot;subtitle_vertical_align&quot;:&quot;center&quot;,&quot;wdt_animation_effect&quot;:&quot;none&quot;}\" data-widget_type=\"wdt-heading.default\">\n\t\t\t\t<div class=\"elementor-widget-container\">\n\t\t\t\t\t<div class=\"wdt-heading-holder\" id=\"wdt-heading-696aa49\"><div class=\"wdt-heading-subtitle-wrapper wdt-heading-align-center\"><span class=\"wdt-heading-subtitle\">The Unique Rooms<\/span><\/div><h2 class=\"wdt-heading-title-wrapper wdt-heading-align-center wdt-heading-deco-wrapper\"><span class=\"wdt-heading-title\">Stylish Rooms for your comfortable stay<\/span><\/h2><div class=\"wdt-heading-content-wrapper\">Enjoy the unique atmosphere of a historic hotel with modern amenities, quality service and attention to detail.<\/div><\/div>\t\t\t\t<\/div>\n\t\t\t\t<\/div>\n\t\t\t\t\t<\/div>\n\t\t<\/div>\n\t\t\t\t<div class=\"elementor-column elementor-col-33 elementor-inner-column elementor-element elementor-element-3d18c3a elementor-hidden-mobile_extra elementor-hidden-mobile\" data-id=\"3d18c3a\" data-element_type=\"column\">\n\t\t\t<div class=\"elementor-widget-wrap\">\n\t\t\t\t\t\t\t<\/div>\n\t\t<\/div>\n\t\t\t\t\t<\/div>\n\t\t<\/section>\n\t\t\t\t<div class=\"elementor-element elementor-element-3956250 elementor-widget elementor-widget-dt-room-list\" data-id=\"3956250\" data-element_type=\"widget\" data-settings=\"{&quot;columns&quot;:&quot;2&quot;,&quot;columns_laptop&quot;:2,&quot;columns_tablet_extra&quot;:2,&quot;columns_tablet&quot;:2,&quot;columns_mobile_extra&quot;:1,&quot;columns_mobile&quot;:1,&quot;wdt_animation_effect&quot;:&quot;none&quot;}\" data-widget_type=\"dt-room-list.default\">\n\t\t\t\t<div class=\"elementor-widget-container\">\n\t\t\t\t\t<div class=\"dt-rooms-item-holder dt-content-item-holder dt-column-holder dt-rooms-list\" id=\"dt-rooms-item-3956250\" data-settings=\"\"><div class=\"dt-column-wrapper dt-column-gap-narrow\" data-column-settings=\"\" data-module-id=\"dt-module-id-3956250\" id=\"dt-module-id-3956250\"><div class=\"dt-sc-room-item dt-column\"><div class=\"dt-sc-content-item dt-e-room-item\"><div class=\"dt-sc-content-media-group\"><div class=\"dt-sc-content-elements-group\"><div class=\"dt-sc-room-list-image\"><img fetchpriority=\"high\" decoding=\"async\" width=\"1024\" height=\"768\" src=\"https:\/\/www.hotellev.sk\/wp-content\/uploads\/2024\/12\/42799148.jpg\" class=\"attachment-full size-full wp-post-image\" alt=\"Jednol\u00f4\u017ekov\u00e1 izba\" title=\"Single room\" srcset=\"https:\/\/www.hotellev.sk\/wp-content\/uploads\/2024\/12\/42799148.jpg 1024w, https:\/\/www.hotellev.sk\/wp-content\/uploads\/2024\/12\/42799148-300x225.jpg 300w, https:\/\/www.hotellev.sk\/wp-content\/uploads\/2024\/12\/42799148-768x576.jpg 768w, https:\/\/www.hotellev.sk\/wp-content\/uploads\/2024\/12\/42799148-1000x750.jpg 1000w\" sizes=\"(max-width: 1024px) 100vw, 1024px\" \/><\/div><div class=\"dt-sc-room-price-item\"><span class=\"dt-sc-room-price\">&euro;69 \/ Night <\/span><\/div><\/div><\/div><div class=\"dt-sc-content-detail-group room-details\"><div class=\"dt-sc-content-title\"><h4 class=\"dt-sc-room-title\"><a href=\"https:\/\/www.hotellev.sk\/en\/dt_room\/jednolozkova-izba\/\" title=\"Single room\">Single room<\/a><\/h4><\/div><div class=\"dt-sc-content-description\"><p>This cosy single room is an ideal choice for individuals looking for quiet and comfortable accommodation.<\/p><\/div><div class=\"dt-sc-rooms-meta-wrapper\"><div class=\"dt-sc-rooms-size-meta-wrapper\"><span class=\"dt-sc-rooms-icon\"><i class=\"icon-dt-sq-fit\"><\/i><\/span><span class=\"dt-sc-rooms-size\">18 m\u00b2<\/span><\/div><div class=\"dt-sc-rooms-people-meta-wrapper\"><span class=\"dt-sc-rooms-icon\"><i class=\"icon-dt-guests\"><\/i><\/span><span class=\"dt-sc-rooms-people\">1 Guests<\/span><\/div><\/div><div class=\"dt-sc-content-button\"><a class=\"dt-sc-button dt-sc-button-textual\" href=\"https:\/\/www.hotellev.sk\/en\/dt_room\/jednolozkova-izba\/\" title=\"Single room\">Read More<\/a><\/div><\/div><\/div><\/div><div class=\"dt-sc-room-item dt-column\"><div class=\"dt-sc-content-item dt-e-room-item\"><div class=\"dt-sc-content-media-group\"><div class=\"dt-sc-content-elements-group\"><div class=\"dt-sc-room-list-image\"><img decoding=\"async\" width=\"1024\" height=\"768\" src=\"https:\/\/www.hotellev.sk\/wp-content\/uploads\/2024\/12\/42799187.jpg\" class=\"attachment-full size-full wp-post-image\" alt=\"Dvojl\u00f4\u017ekov\u00e1 izba\" title=\"Double room\" srcset=\"https:\/\/www.hotellev.sk\/wp-content\/uploads\/2024\/12\/42799187.jpg 1024w, https:\/\/www.hotellev.sk\/wp-content\/uploads\/2024\/12\/42799187-300x225.jpg 300w, https:\/\/www.hotellev.sk\/wp-content\/uploads\/2024\/12\/42799187-768x576.jpg 768w, https:\/\/www.hotellev.sk\/wp-content\/uploads\/2024\/12\/42799187-1000x750.jpg 1000w\" sizes=\"(max-width: 1024px) 100vw, 1024px\" \/><\/div><div class=\"dt-sc-room-price-item\"><span class=\"dt-sc-room-price\">&euro;85 \/ Night <\/span><\/div><\/div><\/div><div class=\"dt-sc-content-detail-group room-details\"><div class=\"dt-sc-content-title\"><h4 class=\"dt-sc-room-title\"><a href=\"https:\/\/www.hotellev.sk\/en\/dt_room\/dvojlozkova-izba-2\/\" title=\"Double room\">Double room<\/a><\/h4><\/div><div class=\"dt-sc-content-description\"><p>The spacious double room is an ideal choice for couples, but also for singles who prefer comfort and more space.<\/p><\/div><div class=\"dt-sc-rooms-meta-wrapper\"><div class=\"dt-sc-rooms-size-meta-wrapper\"><span class=\"dt-sc-rooms-icon\"><i class=\"icon-dt-sq-fit\"><\/i><\/span><span class=\"dt-sc-rooms-size\">25 m\u00b2<\/span><\/div><div class=\"dt-sc-rooms-people-meta-wrapper\"><span class=\"dt-sc-rooms-icon\"><i class=\"icon-dt-guests\"><\/i><\/span><span class=\"dt-sc-rooms-people\">2 Guests<\/span><\/div><\/div><div class=\"dt-sc-content-button\"><a class=\"dt-sc-button dt-sc-button-textual\" href=\"https:\/\/www.hotellev.sk\/en\/dt_room\/dvojlozkova-izba-2\/\" title=\"Double room\">Read More<\/a><\/div><\/div><\/div><\/div><div class=\"dt-sc-room-item dt-column\"><div class=\"dt-sc-content-item dt-e-room-item\"><div class=\"dt-sc-content-media-group\"><div class=\"dt-sc-content-elements-group\"><div class=\"dt-sc-room-list-image\"><img decoding=\"async\" width=\"1024\" height=\"768\" src=\"https:\/\/www.hotellev.sk\/wp-content\/uploads\/2025\/04\/42799169.jpg\" class=\"attachment-full size-full wp-post-image\" alt=\"Apartm\u00e1n 2+1\" title=\"Apartment 2+1\" srcset=\"https:\/\/www.hotellev.sk\/wp-content\/uploads\/2025\/04\/42799169.jpg 1024w, https:\/\/www.hotellev.sk\/wp-content\/uploads\/2025\/04\/42799169-300x225.jpg 300w, https:\/\/www.hotellev.sk\/wp-content\/uploads\/2025\/04\/42799169-768x576.jpg 768w, https:\/\/www.hotellev.sk\/wp-content\/uploads\/2025\/04\/42799169-1000x750.jpg 1000w\" sizes=\"(max-width: 1024px) 100vw, 1024px\" \/><\/div><div class=\"dt-sc-room-price-item\"><span class=\"dt-sc-room-price\">&euro;115 \/ Night <\/span><\/div><\/div><\/div><div class=\"dt-sc-content-detail-group room-details\"><div class=\"dt-sc-content-title\"><h4 class=\"dt-sc-room-title\"><a href=\"https:\/\/www.hotellev.sk\/en\/dt_room\/apartman-21\/\" title=\"Apartment 2+1\">Apartment 2+1<\/a><\/h4><\/div><div class=\"dt-sc-content-description\"><p>Elegantn\u00fd apartm\u00e1n 2+1 pon\u00faka ide\u00e1lne ubytovanie pre p\u00e1r, rodinu s die\u0165a\u0165om alebo troch host\u00ed, ktor\u00ed ocenia v\u00e4\u010d\u0161\u00ed priestor a komfort.<\/p><\/div><div class=\"dt-sc-rooms-meta-wrapper\"><div class=\"dt-sc-rooms-size-meta-wrapper\"><span class=\"dt-sc-rooms-icon\"><i class=\"icon-dt-sq-fit\"><\/i><\/span><span class=\"dt-sc-rooms-size\">25 m\u00b2<\/span><\/div><div class=\"dt-sc-rooms-people-meta-wrapper\"><span class=\"dt-sc-rooms-icon\"><i class=\"icon-dt-guests\"><\/i><\/span><span class=\"dt-sc-rooms-people\">3 Guests<\/span><\/div><\/div><div class=\"dt-sc-content-button\"><a class=\"dt-sc-button dt-sc-button-textual\" href=\"https:\/\/www.hotellev.sk\/en\/dt_room\/apartman-21\/\" title=\"Apartment 2+1\">Read More<\/a><\/div><\/div><\/div><\/div><div class=\"dt-sc-room-item dt-column\"><div class=\"dt-sc-content-item dt-e-room-item\"><div class=\"dt-sc-content-media-group\"><div class=\"dt-sc-content-elements-group\"><div class=\"dt-sc-room-list-image\"><img loading=\"lazy\" decoding=\"async\" width=\"1000\" height=\"662\" src=\"https:\/\/www.hotellev.sk\/wp-content\/uploads\/2024\/12\/izby01.jpg\" class=\"attachment-full size-full wp-post-image\" alt=\"Apartm\u00e1n 2+2\" title=\"Apartment 2+2\" srcset=\"https:\/\/www.hotellev.sk\/wp-content\/uploads\/2024\/12\/izby01.jpg 1000w, https:\/\/www.hotellev.sk\/wp-content\/uploads\/2024\/12\/izby01-300x199.jpg 300w, https:\/\/www.hotellev.sk\/wp-content\/uploads\/2024\/12\/izby01-768x508.jpg 768w\" sizes=\"(max-width: 1000px) 100vw, 1000px\" \/><\/div><div class=\"dt-sc-room-price-item\"><span class=\"dt-sc-room-price\">&euro;130 \/ Night <\/span><\/div><\/div><\/div><div class=\"dt-sc-content-detail-group room-details\"><div class=\"dt-sc-content-title\"><h4 class=\"dt-sc-room-title\"><a href=\"https:\/\/www.hotellev.sk\/en\/dt_room\/apartman-22\/\" title=\"Apartment 2+2\">Apartment 2+2<\/a><\/h4><\/div><div class=\"dt-sc-content-description\"><p>The spacious 2+2 apartment is an ideal choice for two adults or two couples who want to enjoy comfortable accommodation with plenty of space.<\/p><\/div><div class=\"dt-sc-rooms-meta-wrapper\"><div class=\"dt-sc-rooms-size-meta-wrapper\"><span class=\"dt-sc-rooms-icon\"><i class=\"icon-dt-sq-fit\"><\/i><\/span><span class=\"dt-sc-rooms-size\">50 m\u00b2<\/span><\/div><div class=\"dt-sc-rooms-people-meta-wrapper\"><span class=\"dt-sc-rooms-icon\"><i class=\"icon-dt-guests\"><\/i><\/span><span class=\"dt-sc-rooms-people\">4 Guests<\/span><\/div><\/div><div class=\"dt-sc-content-button\"><a class=\"dt-sc-button dt-sc-button-textual\" href=\"https:\/\/www.hotellev.sk\/en\/dt_room\/apartman-22\/\" title=\"Apartment 2+2\">Read More<\/a><\/div><\/div><\/div><\/div><\/div><\/div>\t\t\t\t<\/div>\n\t\t\t\t<\/div>\n\t\t\t\t\t<\/div>\n\t\t<\/div>\n\t\t\t\t\t<\/div>\n\t\t<\/section>\n\t\t\t\t<\/div>","protected":false},"excerpt":{"rendered":"<p>Unik\u00e1tne Izby \u0160t\u00fdlov\u00e9 izby pre v\u00e1\u0161 pohodln\u00fd pobyt U\u017eite si jedine\u010dn\u00fa atmosf\u00e9ru historick\u00e9ho hotela s modern\u00fdm vybaven\u00edm, kvalitn\u00fdmi slu\u017ebami a d\u00f4razom na detail. &euro;64\/ Noc Jednol\u00f4\u017ekov\u00e1 izba T\u00e1to \u00fatuln\u00e1 jednol\u00f4\u017ekov\u00e1 izba je ide\u00e1lnou vo\u013ebou pre jednotlivcov h\u013eadaj\u00facich pokojn\u00e9 a komfortn\u00e9 ubytovanie. 18 m\u00b21Po\u010det host\u00edOveri\u0165 dostupnos\u0165&euro;79\/ Noc Dvojl\u00f4\u017ekov\u00e1 izba Priestrann\u00e1 dvojl\u00f4\u017ekov\u00e1 izba je ide\u00e1lnou vo\u013ebou pre [&hellip;]<\/p>","protected":false},"author":1,"featured_media":0,"parent":0,"menu_order":0,"comment_status":"closed","ping_status":"closed","template":"elementor_header_footer","meta":{"footnotes":""},"class_list":["post-4665","page","type-page","status-publish","hentry"],"yoast_head":"<!-- This site is optimized with the Yoast SEO plugin v25.3.1 - https:\/\/yoast.com\/wordpress\/plugins\/seo\/ -->\n<title>Ponuka na\u0161ich izieb - Hotel Lev<\/title>\n<meta name=\"robots\" content=\"index, follow, max-snippet:-1, max-image-preview:large, max-video-preview:-1\" \/>\n<link rel=\"canonical\" href=\"https:\/\/www.hotellev.sk\/en\/ponuka-nasich-izieb\/\" \/>\n<meta property=\"og:locale\" content=\"en_US\" \/>\n<meta property=\"og:type\" content=\"article\" \/>\n<meta property=\"og:title\" content=\"Ponuka na\u0161ich izieb - Hotel Lev\" \/>\n<meta property=\"og:description\" content=\"Unik\u00e1tne Izby \u0160t\u00fdlov\u00e9 izby pre v\u00e1\u0161 pohodln\u00fd pobyt U\u017eite si jedine\u010dn\u00fa atmosf\u00e9ru historick\u00e9ho hotela s modern\u00fdm vybaven\u00edm, kvalitn\u00fdmi slu\u017ebami a d\u00f4razom na detail. &euro;64\/ Noc Jednol\u00f4\u017ekov\u00e1 izba T\u00e1to \u00fatuln\u00e1 jednol\u00f4\u017ekov\u00e1 izba je ide\u00e1lnou vo\u013ebou pre jednotlivcov h\u013eadaj\u00facich pokojn\u00e9 a komfortn\u00e9 ubytovanie. 18 m\u00b21Po\u010det host\u00edOveri\u0165 dostupnos\u0165&euro;79\/ Noc Dvojl\u00f4\u017ekov\u00e1 izba Priestrann\u00e1 dvojl\u00f4\u017ekov\u00e1 izba je ide\u00e1lnou vo\u013ebou pre [&hellip;]\" \/>\n<meta property=\"og:url\" content=\"https:\/\/www.hotellev.sk\/en\/ponuka-nasich-izieb\/\" \/>\n<meta property=\"og:site_name\" content=\"Hotel Lev\" \/>\n<meta property=\"article:publisher\" content=\"https:\/\/www.facebook.com\/profile.php?id=100064862790981\" \/>\n<meta property=\"article:modified_time\" content=\"2025-05-23T13:38:35+00:00\" \/>\n<meta property=\"og:image\" content=\"https:\/\/www.hotellev.sk\/wp-content\/uploads\/2024\/12\/42799148.jpg\" \/>\n<meta name=\"twitter:card\" content=\"summary_large_image\" \/>\n<meta name=\"twitter:label1\" content=\"Est. reading time\" \/>\n\t<meta name=\"twitter:data1\" content=\"1 minute\" \/>\n<script type=\"application\/ld+json\" class=\"yoast-schema-graph\">{\"@context\":\"https:\/\/schema.org\",\"@graph\":[{\"@type\":\"WebPage\",\"@id\":\"https:\/\/www.hotellev.sk\/ponuka-nasich-izieb\/\",\"url\":\"https:\/\/www.hotellev.sk\/ponuka-nasich-izieb\/\",\"name\":\"Ponuka na\u0161ich izieb - Hotel Lev\",\"isPartOf\":{\"@id\":\"https:\/\/www.hotellev.sk\/#website\"},\"primaryImageOfPage\":{\"@id\":\"https:\/\/www.hotellev.sk\/ponuka-nasich-izieb\/#primaryimage\"},\"image\":{\"@id\":\"https:\/\/www.hotellev.sk\/ponuka-nasich-izieb\/#primaryimage\"},\"thumbnailUrl\":\"https:\/\/www.hotellev.sk\/wp-content\/uploads\/2024\/12\/42799148.jpg\",\"datePublished\":\"2025-05-23T11:43:14+00:00\",\"dateModified\":\"2025-05-23T13:38:35+00:00\",\"breadcrumb\":{\"@id\":\"https:\/\/www.hotellev.sk\/ponuka-nasich-izieb\/#breadcrumb\"},\"inLanguage\":\"en-US\",\"potentialAction\":[{\"@type\":\"ReadAction\",\"target\":[\"https:\/\/www.hotellev.sk\/ponuka-nasich-izieb\/\"]}]},{\"@type\":\"ImageObject\",\"inLanguage\":\"en-US\",\"@id\":\"https:\/\/www.hotellev.sk\/ponuka-nasich-izieb\/#primaryimage\",\"url\":\"https:\/\/www.hotellev.sk\/wp-content\/uploads\/2024\/12\/42799148.jpg\",\"contentUrl\":\"https:\/\/www.hotellev.sk\/wp-content\/uploads\/2024\/12\/42799148.jpg\"},{\"@type\":\"BreadcrumbList\",\"@id\":\"https:\/\/www.hotellev.sk\/ponuka-nasich-izieb\/#breadcrumb\",\"itemListElement\":[{\"@type\":\"ListItem\",\"position\":1,\"name\":\"Domovsk\u00e1 str\u00e1nka\",\"item\":\"https:\/\/www.hotellev.sk\/\"},{\"@type\":\"ListItem\",\"position\":2,\"name\":\"Ponuka na\u0161ich izieb\"}]},{\"@type\":\"WebSite\",\"@id\":\"https:\/\/www.hotellev.sk\/#website\",\"url\":\"https:\/\/www.hotellev.sk\/\",\"name\":\"Hotel Lev\",\"description\":\"Ubytovanie, svadby, stu\u017ekov\u00e9 a oslavy v srdci Lev\u00edc\",\"publisher\":{\"@id\":\"https:\/\/www.hotellev.sk\/#organization\"},\"potentialAction\":[{\"@type\":\"SearchAction\",\"target\":{\"@type\":\"EntryPoint\",\"urlTemplate\":\"https:\/\/www.hotellev.sk\/?s={search_term_string}\"},\"query-input\":{\"@type\":\"PropertyValueSpecification\",\"valueRequired\":true,\"valueName\":\"search_term_string\"}}],\"inLanguage\":\"en-US\"},{\"@type\":\"Organization\",\"@id\":\"https:\/\/www.hotellev.sk\/#organization\",\"name\":\"Ubytovanie, svadby, stu\u017ekov\u00e9 a oslavy v srdci Lev\u00edc\",\"url\":\"https:\/\/www.hotellev.sk\/\",\"logo\":{\"@type\":\"ImageObject\",\"inLanguage\":\"en-US\",\"@id\":\"https:\/\/www.hotellev.sk\/#\/schema\/logo\/image\/\",\"url\":\"https:\/\/www.hotellev.sk\/wp-content\/uploads\/2025\/05\/cropped-hotel_lev-logo-3-removebg-preview.png\",\"contentUrl\":\"https:\/\/www.hotellev.sk\/wp-content\/uploads\/2025\/05\/cropped-hotel_lev-logo-3-removebg-preview.png\",\"width\":292,\"height\":312,\"caption\":\"Ubytovanie, svadby, stu\u017ekov\u00e9 a oslavy v srdci Lev\u00edc\"},\"image\":{\"@id\":\"https:\/\/www.hotellev.sk\/#\/schema\/logo\/image\/\"},\"sameAs\":[\"https:\/\/www.facebook.com\/profile.php?id=100064862790981\",\"https:\/\/www.instagram.com\/hotellev_levice\/\"]}]}<\/script>\n<!-- \/ Yoast SEO plugin. -->","yoast_head_json":{"title":"Ponuka na\u0161ich izieb - Hotel Lev","robots":{"index":"index","follow":"follow","max-snippet":"max-snippet:-1","max-image-preview":"max-image-preview:large","max-video-preview":"max-video-preview:-1"},"canonical":"https:\/\/www.hotellev.sk\/en\/ponuka-nasich-izieb\/","og_locale":"en_US","og_type":"article","og_title":"Ponuka na\u0161ich izieb - Hotel Lev","og_description":"Unik\u00e1tne Izby \u0160t\u00fdlov\u00e9 izby pre v\u00e1\u0161 pohodln\u00fd pobyt U\u017eite si jedine\u010dn\u00fa atmosf\u00e9ru historick\u00e9ho hotela s modern\u00fdm vybaven\u00edm, kvalitn\u00fdmi slu\u017ebami a d\u00f4razom na detail. &euro;64\/ Noc Jednol\u00f4\u017ekov\u00e1 izba T\u00e1to \u00fatuln\u00e1 jednol\u00f4\u017ekov\u00e1 izba je ide\u00e1lnou vo\u013ebou pre jednotlivcov h\u013eadaj\u00facich pokojn\u00e9 a komfortn\u00e9 ubytovanie. 18 m\u00b21Po\u010det host\u00edOveri\u0165 dostupnos\u0165&euro;79\/ Noc Dvojl\u00f4\u017ekov\u00e1 izba Priestrann\u00e1 dvojl\u00f4\u017ekov\u00e1 izba je ide\u00e1lnou vo\u013ebou pre [&hellip;]","og_url":"https:\/\/www.hotellev.sk\/en\/ponuka-nasich-izieb\/","og_site_name":"Hotel Lev","article_publisher":"https:\/\/www.facebook.com\/profile.php?id=100064862790981","article_modified_time":"2025-05-23T13:38:35+00:00","og_image":[{"url":"https:\/\/www.hotellev.sk\/wp-content\/uploads\/2024\/12\/42799148.jpg","type":"","width":"","height":""}],"twitter_card":"summary_large_image","twitter_misc":{"Est. reading time":"1 minute"},"schema":{"@context":"https:\/\/schema.org","@graph":[{"@type":"WebPage","@id":"https:\/\/www.hotellev.sk\/ponuka-nasich-izieb\/","url":"https:\/\/www.hotellev.sk\/ponuka-nasich-izieb\/","name":"Ponuka na\u0161ich izieb - Hotel Lev","isPartOf":{"@id":"https:\/\/www.hotellev.sk\/#website"},"primaryImageOfPage":{"@id":"https:\/\/www.hotellev.sk\/ponuka-nasich-izieb\/#primaryimage"},"image":{"@id":"https:\/\/www.hotellev.sk\/ponuka-nasich-izieb\/#primaryimage"},"thumbnailUrl":"https:\/\/www.hotellev.sk\/wp-content\/uploads\/2024\/12\/42799148.jpg","datePublished":"2025-05-23T11:43:14+00:00","dateModified":"2025-05-23T13:38:35+00:00","breadcrumb":{"@id":"https:\/\/www.hotellev.sk\/ponuka-nasich-izieb\/#breadcrumb"},"inLanguage":"en-US","potentialAction":[{"@type":"ReadAction","target":["https:\/\/www.hotellev.sk\/ponuka-nasich-izieb\/"]}]},{"@type":"ImageObject","inLanguage":"en-US","@id":"https:\/\/www.hotellev.sk\/ponuka-nasich-izieb\/#primaryimage","url":"https:\/\/www.hotellev.sk\/wp-content\/uploads\/2024\/12\/42799148.jpg","contentUrl":"https:\/\/www.hotellev.sk\/wp-content\/uploads\/2024\/12\/42799148.jpg"},{"@type":"BreadcrumbList","@id":"https:\/\/www.hotellev.sk\/ponuka-nasich-izieb\/#breadcrumb","itemListElement":[{"@type":"ListItem","position":1,"name":"Domovsk\u00e1 str\u00e1nka","item":"https:\/\/www.hotellev.sk\/"},{"@type":"ListItem","position":2,"name":"Ponuka na\u0161ich izieb"}]},{"@type":"WebSite","@id":"https:\/\/www.hotellev.sk\/#website","url":"https:\/\/www.hotellev.sk\/","name":"Hotel Lev","description":"Ubytovanie, svadby, stu\u017ekov\u00e9 a oslavy v srdci Lev\u00edc","publisher":{"@id":"https:\/\/www.hotellev.sk\/#organization"},"potentialAction":[{"@type":"SearchAction","target":{"@type":"EntryPoint","urlTemplate":"https:\/\/www.hotellev.sk\/?s={search_term_string}"},"query-input":{"@type":"PropertyValueSpecification","valueRequired":true,"valueName":"search_term_string"}}],"inLanguage":"en-US"},{"@type":"Organization","@id":"https:\/\/www.hotellev.sk\/#organization","name":"Ubytovanie, svadby, stu\u017ekov\u00e9 a oslavy v srdci Lev\u00edc","url":"https:\/\/www.hotellev.sk\/","logo":{"@type":"ImageObject","inLanguage":"en-US","@id":"https:\/\/www.hotellev.sk\/#\/schema\/logo\/image\/","url":"https:\/\/www.hotellev.sk\/wp-content\/uploads\/2025\/05\/cropped-hotel_lev-logo-3-removebg-preview.png","contentUrl":"https:\/\/www.hotellev.sk\/wp-content\/uploads\/2025\/05\/cropped-hotel_lev-logo-3-removebg-preview.png","width":292,"height":312,"caption":"Ubytovanie, svadby, stu\u017ekov\u00e9 a oslavy v srdci Lev\u00edc"},"image":{"@id":"https:\/\/www.hotellev.sk\/#\/schema\/logo\/image\/"},"sameAs":["https:\/\/www.facebook.com\/profile.php?id=100064862790981","https:\/\/www.instagram.com\/hotellev_levice\/"]}]}},"_links":{"self":[{"href":"https:\/\/www.hotellev.sk\/en\/wp-json\/wp\/v2\/pages\/4665","targetHints":{"allow":["GET"]}}],"collection":[{"href":"https:\/\/www.hotellev.sk\/en\/wp-json\/wp\/v2\/pages"}],"about":[{"href":"https:\/\/www.hotellev.sk\/en\/wp-json\/wp\/v2\/types\/page"}],"author":[{"embeddable":true,"href":"https:\/\/www.hotellev.sk\/en\/wp-json\/wp\/v2\/users\/1"}],"replies":[{"embeddable":true,"href":"https:\/\/www.hotellev.sk\/en\/wp-json\/wp\/v2\/comments?post=4665"}],"version-history":[{"count":28,"href":"https:\/\/www.hotellev.sk\/en\/wp-json\/wp\/v2\/pages\/4665\/revisions"}],"predecessor-version":[{"id":4717,"href":"https:\/\/www.hotellev.sk\/en\/wp-json\/wp\/v2\/pages\/4665\/revisions\/4717"}],"wp:attachment":[{"href":"https:\/\/www.hotellev.sk\/en\/wp-json\/wp\/v2\/media?parent=4665"}],"curies":[{"name":"wp","href":"https:\/\/api.w.org\/{rel}","templated":true}]}}