{"id":3,"date":"2025-03-29T11:13:35","date_gmt":"2025-03-29T10:13:35","guid":{"rendered":"https:\/\/www.hotellev.sk\/?page_id=3"},"modified":"2025-05-26T10:24:57","modified_gmt":"2025-05-26T08:24:57","slug":"ochrana-sukromia","status":"publish","type":"page","link":"https:\/\/www.hotellev.sk\/en\/ochrana-sukromia\/","title":{"rendered":"Z\u00e1sady ochrany osobn\u00fdch \u00fadajov"},"content":{"rendered":"<div data-elementor-type=\"wp-page\" data-elementor-id=\"3\" class=\"elementor elementor-3\" data-elementor-post-type=\"page\">\n\t\t\t\t<div class=\"elementor-element elementor-element-1cbef3a8 e-flex e-con-boxed e-con e-parent\" data-id=\"1cbef3a8\" data-element_type=\"container\">\n\t\t\t\t\t<div class=\"e-con-inner\">\n\t\t\t\t<div class=\"elementor-element elementor-element-4bd925de elementor-widget elementor-widget-text-editor\" data-id=\"4bd925de\" data-element_type=\"widget\" data-settings=\"{&quot;wdt_animation_effect&quot;:&quot;none&quot;}\" data-widget_type=\"text-editor.default\">\n\t\t\t\t<div class=\"elementor-widget-container\">\n\t\t\t\t\t\t\t\t\t\n<h3 class=\"wp-block-heading\" style=\"text-align: center;\"><b>1. Spr\u00e1vca osobn\u00fdch \u00fadajov<\/b><\/h3>\n<p style=\"text-align: center;\">\u00a0<\/p>\n<p class=\"p3\" style=\"text-align: center;\">Spr\u00e1vcom osobn\u00fdch \u00fadajov je:<\/p>\n<p class=\"p4\" style=\"text-align: center;\"><b>Hotel Lev<\/b><b><\/b><\/p>\n<p class=\"p3\" style=\"text-align: center;\">Adresa: Ul. \u010csl. arm\u00e1dy 2, 934 01 Levice<\/p>\n<p class=\"p3\" style=\"text-align: center;\">E-mail: recepcia@hotellev.sk<\/p>\n<p class=\"p3\" style=\"text-align: center;\">Telef\u00f3n: 036 \/ 3700 300<\/p>\n<h3 style=\"text-align: center;\">\u00a0<\/h3>\n<h3 style=\"text-align: center;\"><b>2. Ak\u00e9 \u00fadaje sprac\u00favame<\/b><\/h3>\n<p style=\"text-align: center;\">\u00a0<\/p>\n<p class=\"p3\" style=\"text-align: center;\">Prostredn\u00edctvom kontaktn\u00fdch formul\u00e1rov, rezerv\u00e1ci\u00ed a pri be\u017enej komunik\u00e1cii sprac\u00favame:<\/p>\n<p class=\"p1\" style=\"text-align: center;\">\u00a0<\/p>\n<p class=\"p1\" style=\"text-align: center;\">Meno a priezvisko<\/p>\n<p class=\"p1\" style=\"text-align: center;\">E-mailov\u00fa adresu<\/p>\n<p class=\"p1\" style=\"text-align: center;\">Phone number<\/p>\n<p class=\"p1\" style=\"text-align: center;\">Obsah spr\u00e1vy \/ rezerv\u00e1cie<\/p>\n<p class=\"p1\" style=\"text-align: center;\">IP adresu a z\u00e1kladn\u00e9 technick\u00e9 inform\u00e1cie (pre bezpe\u010dnos\u0165)<\/p>\n<p style=\"text-align: center;\">\u00a0<\/p>\n<p class=\"p4\" style=\"text-align: center;\"><span class=\"s2\">Tieto \u00fadaje sl\u00fa\u017eia <\/span><b>v\u00fdlu\u010dne na \u00fa\u010dely komunik\u00e1cie, vybavenia rezerv\u00e1ci\u00ed a odpovedania na ot\u00e1zky.<\/b><b><\/b><\/p>\n<h3 style=\"text-align: center;\">\u00a0<\/h3>\n<h3 style=\"text-align: center;\"><b>3. Zabezpe\u010denie a uchov\u00e1vanie \u00fadajov<\/b><\/h3>\n<p style=\"text-align: center;\">\u00a0<\/p>\n<p class=\"p3\" style=\"text-align: center;\">Va\u0161e \u00fadaje s\u00fa uchov\u00e1van\u00e9 bezpe\u010dne a nie s\u00fa poskytovan\u00e9 tret\u00edm stran\u00e1m (s v\u00fdnimkou z\u00e1konn\u00fdch d\u00f4vodov).<\/p>\n<p class=\"p3\" style=\"text-align: center;\">\u00dadaje z kontaktn\u00fdch formul\u00e1rov uchov\u00e1vame len po\u010das nevyhnutnej doby.<\/p>\n<h3 style=\"text-align: center;\">\u00a0<\/h3>\n<h3 style=\"text-align: center;\"><b>4. reCAPTCHA<\/b><\/h3>\n<p style=\"text-align: center;\">\u00a0<\/p>\n<p class=\"p4\" style=\"text-align: center;\"><span class=\"s2\">Tento web je chr\u00e1nen\u00fd technol\u00f3giou <\/span><b>Google reCAPTCHA v3<\/b><span class=\"s2\">, ktor\u00e1 sl\u00fa\u017ei na <\/span><b>ochranu proti spamu a zneu\u017eitiu formul\u00e1rov<\/b><span class=\"s2\">.<\/span><\/p>\n<p class=\"p3\" style=\"text-align: center;\">Jej pou\u017e\u00edvanie podlieha:<\/p>\n<p class=\"p1\" style=\"text-align: center;\">\u00a0<\/p>\n<p class=\"p1\" style=\"text-align: center;\"><a href=\"https:\/\/policies.google.com\/privacy\">Z\u00e1sad\u00e1m ochrany osobn\u00fdch \u00fadajov spolo\u010dnosti Google<\/a><\/p>\n<p class=\"p1\" style=\"text-align: center;\"><a href=\"https:\/\/policies.google.com\/terms\">Zmluvn\u00fdm podmienkam slu\u017eby Google<\/a><\/p>\n<p style=\"text-align: center;\">\u00a0<\/p>\n<p class=\"p3\" style=\"text-align: center;\">Slu\u017eba reCAPTCHA analyzuje spr\u00e1vanie n\u00e1v\u0161tevn\u00edkov (napr. pohyby my\u0161ou, d\u013a\u017eku n\u00e1v\u0161tevy a pod.) za \u00fa\u010delom vyhodnotenia, \u010di ide o \u010dloveka alebo robota.<\/p>\n<h3 style=\"text-align: center;\">\u00a0<\/h3>\n<h3 style=\"text-align: center;\"><b>5. Va\u0161e pr\u00e1va<\/b><\/h3>\n<p style=\"text-align: center;\">\u00a0<\/p>\n<p class=\"p3\" style=\"text-align: center;\">V s\u00falade s nariaden\u00edm GDPR m\u00e1te pr\u00e1vo na:<\/p>\n<p class=\"p1\" style=\"text-align: center;\">\u00a0<\/p>\n<p class=\"p1\" style=\"text-align: center;\">Pr\u00edstup k svojim \u00fadajom<\/p>\n<p class=\"p1\" style=\"text-align: center;\">Opravu alebo v\u00fdmaz osobn\u00fdch \u00fadajov<\/p>\n<p class=\"p1\" style=\"text-align: center;\">Obmedzenie sprac\u00favania<\/p>\n<p class=\"p1\" style=\"text-align: center;\">Prenos \u00fadajov<\/p>\n<p class=\"p1\" style=\"text-align: center;\">Podanie s\u0165a\u017enosti dozorn\u00e9mu org\u00e1nu (\u00darad na ochranu osobn\u00fdch \u00fadajov SR)<\/p>\n<p style=\"text-align: center;\">\u00a0<\/p>\n<p class=\"p3\" style=\"text-align: center;\">V pr\u00edpade ot\u00e1zok alebo po\u017eiadaviek n\u00e1s kontaktujte na: <span class=\"s3\"><b>recepcia@hotellev.sk<\/b><\/span><\/p>\t\t\t\t\t\t\t\t<\/div>\n\t\t\t\t<\/div>\n\t\t\t\t\t<\/div>\n\t\t\t\t<\/div>\n\t\t\t\t<\/div>","protected":false},"excerpt":{"rendered":"<p>1. Spr\u00e1vca osobn\u00fdch \u00fadajov \u00a0 Spr\u00e1vcom osobn\u00fdch \u00fadajov je: Hotel Lev Adresa: Ul. \u010csl. arm\u00e1dy 2, 934 01 Levice E-mail: recepcia@hotellev.sk Telef\u00f3n: 036 \/ 3700 300 \u00a0 2. Ak\u00e9 \u00fadaje sprac\u00favame \u00a0 Prostredn\u00edctvom kontaktn\u00fdch formul\u00e1rov, rezerv\u00e1ci\u00ed a pri be\u017enej komunik\u00e1cii sprac\u00favame: \u00a0 Meno a priezvisko E-mailov\u00fa adresu Telef\u00f3nne \u010d\u00edslo Obsah spr\u00e1vy \/ rezerv\u00e1cie IP adresu [&hellip;]<\/p>","protected":false},"author":1,"featured_media":0,"parent":0,"menu_order":0,"comment_status":"closed","ping_status":"open","template":"","meta":{"footnotes":""},"class_list":["post-3","page","type-page","status-publish","hentry"],"yoast_head":"<!-- This site is optimized with the Yoast SEO plugin v25.3.1 - https:\/\/yoast.com\/wordpress\/plugins\/seo\/ -->\n<title>Z\u00e1sady ochrany osobn\u00fdch \u00fadajov - Hotel Lev<\/title>\n<meta name=\"robots\" content=\"index, follow, max-snippet:-1, max-image-preview:large, max-video-preview:-1\" \/>\n<link rel=\"canonical\" href=\"https:\/\/www.hotellev.sk\/en\/ochrana-sukromia\/\" \/>\n<meta property=\"og:locale\" content=\"en_US\" \/>\n<meta property=\"og:type\" content=\"article\" \/>\n<meta property=\"og:title\" content=\"Z\u00e1sady ochrany osobn\u00fdch \u00fadajov - Hotel Lev\" \/>\n<meta property=\"og:description\" content=\"1. Spr\u00e1vca osobn\u00fdch \u00fadajov \u00a0 Spr\u00e1vcom osobn\u00fdch \u00fadajov je: Hotel Lev Adresa: Ul. \u010csl. arm\u00e1dy 2, 934 01 Levice E-mail: recepcia@hotellev.sk Telef\u00f3n: 036 \/ 3700 300 \u00a0 2. Ak\u00e9 \u00fadaje sprac\u00favame \u00a0 Prostredn\u00edctvom kontaktn\u00fdch formul\u00e1rov, rezerv\u00e1ci\u00ed a pri be\u017enej komunik\u00e1cii sprac\u00favame: \u00a0 Meno a priezvisko E-mailov\u00fa adresu Telef\u00f3nne \u010d\u00edslo Obsah spr\u00e1vy \/ rezerv\u00e1cie IP adresu [&hellip;]\" \/>\n<meta property=\"og:url\" content=\"https:\/\/www.hotellev.sk\/en\/ochrana-sukromia\/\" \/>\n<meta property=\"og:site_name\" content=\"Hotel Lev\" \/>\n<meta property=\"article:publisher\" content=\"https:\/\/www.facebook.com\/profile.php?id=100064862790981\" \/>\n<meta property=\"article:modified_time\" content=\"2025-05-26T08:24:57+00:00\" \/>\n<meta name=\"twitter:card\" content=\"summary_large_image\" \/>\n<meta name=\"twitter:label1\" content=\"Est. reading time\" \/>\n\t<meta name=\"twitter:data1\" content=\"1 minute\" \/>\n<script type=\"application\/ld+json\" class=\"yoast-schema-graph\">{\"@context\":\"https:\/\/schema.org\",\"@graph\":[{\"@type\":\"WebPage\",\"@id\":\"https:\/\/www.hotellev.sk\/ochrana-sukromia\/\",\"url\":\"https:\/\/www.hotellev.sk\/ochrana-sukromia\/\",\"name\":\"Z\u00e1sady ochrany osobn\u00fdch \u00fadajov - Hotel Lev\",\"isPartOf\":{\"@id\":\"https:\/\/www.hotellev.sk\/#website\"},\"datePublished\":\"2025-03-29T10:13:35+00:00\",\"dateModified\":\"2025-05-26T08:24:57+00:00\",\"breadcrumb\":{\"@id\":\"https:\/\/www.hotellev.sk\/ochrana-sukromia\/#breadcrumb\"},\"inLanguage\":\"en-US\",\"potentialAction\":[{\"@type\":\"ReadAction\",\"target\":[\"https:\/\/www.hotellev.sk\/ochrana-sukromia\/\"]}]},{\"@type\":\"BreadcrumbList\",\"@id\":\"https:\/\/www.hotellev.sk\/ochrana-sukromia\/#breadcrumb\",\"itemListElement\":[{\"@type\":\"ListItem\",\"position\":1,\"name\":\"Domovsk\u00e1 str\u00e1nka\",\"item\":\"https:\/\/www.hotellev.sk\/\"},{\"@type\":\"ListItem\",\"position\":2,\"name\":\"Z\u00e1sady ochrany osobn\u00fdch \u00fadajov\"}]},{\"@type\":\"WebSite\",\"@id\":\"https:\/\/www.hotellev.sk\/#website\",\"url\":\"https:\/\/www.hotellev.sk\/\",\"name\":\"Hotel Lev\",\"description\":\"Ubytovanie, svadby, stu\u017ekov\u00e9 a oslavy v srdci Lev\u00edc\",\"publisher\":{\"@id\":\"https:\/\/www.hotellev.sk\/#organization\"},\"potentialAction\":[{\"@type\":\"SearchAction\",\"target\":{\"@type\":\"EntryPoint\",\"urlTemplate\":\"https:\/\/www.hotellev.sk\/?s={search_term_string}\"},\"query-input\":{\"@type\":\"PropertyValueSpecification\",\"valueRequired\":true,\"valueName\":\"search_term_string\"}}],\"inLanguage\":\"en-US\"},{\"@type\":\"Organization\",\"@id\":\"https:\/\/www.hotellev.sk\/#organization\",\"name\":\"Ubytovanie, svadby, stu\u017ekov\u00e9 a oslavy v srdci Lev\u00edc\",\"url\":\"https:\/\/www.hotellev.sk\/\",\"logo\":{\"@type\":\"ImageObject\",\"inLanguage\":\"en-US\",\"@id\":\"https:\/\/www.hotellev.sk\/#\/schema\/logo\/image\/\",\"url\":\"https:\/\/www.hotellev.sk\/wp-content\/uploads\/2025\/05\/cropped-hotel_lev-logo-3-removebg-preview.png\",\"contentUrl\":\"https:\/\/www.hotellev.sk\/wp-content\/uploads\/2025\/05\/cropped-hotel_lev-logo-3-removebg-preview.png\",\"width\":292,\"height\":312,\"caption\":\"Ubytovanie, svadby, stu\u017ekov\u00e9 a oslavy v srdci Lev\u00edc\"},\"image\":{\"@id\":\"https:\/\/www.hotellev.sk\/#\/schema\/logo\/image\/\"},\"sameAs\":[\"https:\/\/www.facebook.com\/profile.php?id=100064862790981\",\"https:\/\/www.instagram.com\/hotellev_levice\/\"]}]}<\/script>\n<!-- \/ Yoast SEO plugin. -->","yoast_head_json":{"title":"Z\u00e1sady ochrany osobn\u00fdch \u00fadajov - Hotel Lev","robots":{"index":"index","follow":"follow","max-snippet":"max-snippet:-1","max-image-preview":"max-image-preview:large","max-video-preview":"max-video-preview:-1"},"canonical":"https:\/\/www.hotellev.sk\/en\/ochrana-sukromia\/","og_locale":"en_US","og_type":"article","og_title":"Z\u00e1sady ochrany osobn\u00fdch \u00fadajov - Hotel Lev","og_description":"1. Spr\u00e1vca osobn\u00fdch \u00fadajov \u00a0 Spr\u00e1vcom osobn\u00fdch \u00fadajov je: Hotel Lev Adresa: Ul. \u010csl. arm\u00e1dy 2, 934 01 Levice E-mail: recepcia@hotellev.sk Telef\u00f3n: 036 \/ 3700 300 \u00a0 2. Ak\u00e9 \u00fadaje sprac\u00favame \u00a0 Prostredn\u00edctvom kontaktn\u00fdch formul\u00e1rov, rezerv\u00e1ci\u00ed a pri be\u017enej komunik\u00e1cii sprac\u00favame: \u00a0 Meno a priezvisko E-mailov\u00fa adresu Telef\u00f3nne \u010d\u00edslo Obsah spr\u00e1vy \/ rezerv\u00e1cie IP adresu [&hellip;]","og_url":"https:\/\/www.hotellev.sk\/en\/ochrana-sukromia\/","og_site_name":"Hotel Lev","article_publisher":"https:\/\/www.facebook.com\/profile.php?id=100064862790981","article_modified_time":"2025-05-26T08:24:57+00:00","twitter_card":"summary_large_image","twitter_misc":{"Est. reading time":"1 minute"},"schema":{"@context":"https:\/\/schema.org","@graph":[{"@type":"WebPage","@id":"https:\/\/www.hotellev.sk\/ochrana-sukromia\/","url":"https:\/\/www.hotellev.sk\/ochrana-sukromia\/","name":"Z\u00e1sady ochrany osobn\u00fdch \u00fadajov - Hotel Lev","isPartOf":{"@id":"https:\/\/www.hotellev.sk\/#website"},"datePublished":"2025-03-29T10:13:35+00:00","dateModified":"2025-05-26T08:24:57+00:00","breadcrumb":{"@id":"https:\/\/www.hotellev.sk\/ochrana-sukromia\/#breadcrumb"},"inLanguage":"en-US","potentialAction":[{"@type":"ReadAction","target":["https:\/\/www.hotellev.sk\/ochrana-sukromia\/"]}]},{"@type":"BreadcrumbList","@id":"https:\/\/www.hotellev.sk\/ochrana-sukromia\/#breadcrumb","itemListElement":[{"@type":"ListItem","position":1,"name":"Domovsk\u00e1 str\u00e1nka","item":"https:\/\/www.hotellev.sk\/"},{"@type":"ListItem","position":2,"name":"Z\u00e1sady ochrany osobn\u00fdch \u00fadajov"}]},{"@type":"WebSite","@id":"https:\/\/www.hotellev.sk\/#website","url":"https:\/\/www.hotellev.sk\/","name":"Hotel Lev","description":"Ubytovanie, svadby, stu\u017ekov\u00e9 a oslavy v srdci Lev\u00edc","publisher":{"@id":"https:\/\/www.hotellev.sk\/#organization"},"potentialAction":[{"@type":"SearchAction","target":{"@type":"EntryPoint","urlTemplate":"https:\/\/www.hotellev.sk\/?s={search_term_string}"},"query-input":{"@type":"PropertyValueSpecification","valueRequired":true,"valueName":"search_term_string"}}],"inLanguage":"en-US"},{"@type":"Organization","@id":"https:\/\/www.hotellev.sk\/#organization","name":"Ubytovanie, svadby, stu\u017ekov\u00e9 a oslavy v srdci Lev\u00edc","url":"https:\/\/www.hotellev.sk\/","logo":{"@type":"ImageObject","inLanguage":"en-US","@id":"https:\/\/www.hotellev.sk\/#\/schema\/logo\/image\/","url":"https:\/\/www.hotellev.sk\/wp-content\/uploads\/2025\/05\/cropped-hotel_lev-logo-3-removebg-preview.png","contentUrl":"https:\/\/www.hotellev.sk\/wp-content\/uploads\/2025\/05\/cropped-hotel_lev-logo-3-removebg-preview.png","width":292,"height":312,"caption":"Ubytovanie, svadby, stu\u017ekov\u00e9 a oslavy v srdci Lev\u00edc"},"image":{"@id":"https:\/\/www.hotellev.sk\/#\/schema\/logo\/image\/"},"sameAs":["https:\/\/www.facebook.com\/profile.php?id=100064862790981","https:\/\/www.instagram.com\/hotellev_levice\/"]}]}},"_links":{"self":[{"href":"https:\/\/www.hotellev.sk\/en\/wp-json\/wp\/v2\/pages\/3","targetHints":{"allow":["GET"]}}],"collection":[{"href":"https:\/\/www.hotellev.sk\/en\/wp-json\/wp\/v2\/pages"}],"about":[{"href":"https:\/\/www.hotellev.sk\/en\/wp-json\/wp\/v2\/types\/page"}],"author":[{"embeddable":true,"href":"https:\/\/www.hotellev.sk\/en\/wp-json\/wp\/v2\/users\/1"}],"replies":[{"embeddable":true,"href":"https:\/\/www.hotellev.sk\/en\/wp-json\/wp\/v2\/comments?post=3"}],"version-history":[{"count":6,"href":"https:\/\/www.hotellev.sk\/en\/wp-json\/wp\/v2\/pages\/3\/revisions"}],"predecessor-version":[{"id":4964,"href":"https:\/\/www.hotellev.sk\/en\/wp-json\/wp\/v2\/pages\/3\/revisions\/4964"}],"wp:attachment":[{"href":"https:\/\/www.hotellev.sk\/en\/wp-json\/wp\/v2\/media?parent=3"}],"curies":[{"name":"wp","href":"https:\/\/api.w.org\/{rel}","templated":true}]}}